{"id":4165,"date":"2018-09-04T09:42:47","date_gmt":"2018-09-04T09:42:47","guid":{"rendered":"http:\/\/bomby.webtm.ru\/?page_id=4165"},"modified":"2025-10-05T13:01:08","modified_gmt":"2025-10-05T13:01:08","slug":"contact-form","status":"publish","type":"page","link":"https:\/\/printrevolution.pl\/index.php\/contact-form\/","title":{"rendered":"<strong>napisz do nas!<\/strong>"},"content":{"rendered":"<p>[vc_row full_width=&#8221;stretch_row_content_no_spaces&#8221; m_bottom=&#8221;0&#8243; css=&#8221;.vc_custom_1634147506008{margin-top: -35px !important;}&#8221;]\n\t<div class=\"vc_col-sm-9 vc_col-md-6 wpb_column vc_column_container  wow animated fadeInUp vc_custom_1536400568537\"  data-wow-delay=\"100ms\" data-wow-iteration=\"1\" >\n\t\t<div class=\"wpb_wrapper\">\n\t\t\t[vc_column_text c_id=&#8221;.vc_1759669266470&#8243;]<\/p>\n<div id=\"block-30\" class=\"widget widget_block\">\n<h2><strong><span class=\"underline-text-color2\">PRINT REVOLUTION<\/span>!<\/strong><\/h2>\n<h2><strong>PROJEKTUJEMY<\/strong><br \/>\n<strong>ROZWIJAMY<\/strong><br \/>\n<strong>DRUKUJEMY<\/strong><\/h2>\n<p style=\"color: #000000; font-family: 'Montserrat', sans-serif; font-size: 18px;\"><strong>ul. Sienkiewicza 30, 22-100 Che\u0142m<\/strong><br \/>\n<strong>+48 790 890 670<\/strong><\/p>\n<\/div>\n<p>Printrevolution.pl to miejsce, gdzie nowoczesny design spotyka si\u0119 z technologi\u0105 druku, a dla mi\u0142o\u015bnik\u00f3w emocji sportowych idealnym wyborem b\u0119dzie <a href=\"https:\/\/xonbets.pl\/\">xon casino<\/a>.[\/vc_column_text]\n<div class=\"wpcf7 no-js\" id=\"wpcf7-f4703-o1\" lang=\"pl-PL\" dir=\"ltr\" data-wpcf7-id=\"4703\">\n<div class=\"screen-reader-response\"><p role=\"status\" aria-live=\"polite\" aria-atomic=\"true\"><\/p> <ul><\/ul><\/div>\n<form action=\"\/index.php\/wp-json\/wp\/v2\/pages\/4165#wpcf7-f4703-o1\" method=\"post\" class=\"wpcf7-form init\" aria-label=\"Formularz kontaktowy\" novalidate=\"novalidate\" data-status=\"init\">\n<fieldset class=\"hidden-fields-container\"><input type=\"hidden\" name=\"_wpcf7\" value=\"4703\" \/><input type=\"hidden\" name=\"_wpcf7_version\" value=\"6.1.5\" \/><input type=\"hidden\" name=\"_wpcf7_locale\" value=\"pl_PL\" \/><input type=\"hidden\" name=\"_wpcf7_unit_tag\" value=\"wpcf7-f4703-o1\" \/><input type=\"hidden\" name=\"_wpcf7_container_post\" value=\"0\" \/><input type=\"hidden\" name=\"_wpcf7_posted_data_hash\" value=\"\" \/><input type=\"hidden\" name=\"_wpcf7_recaptcha_response\" value=\"\" \/>\n<\/fieldset>\n<p><label> Imi\u0119 i nazwisko<br \/>\n<span class=\"wpcf7-form-control-wrap\" data-name=\"your-name\"><input size=\"40\" maxlength=\"400\" class=\"wpcf7-form-control wpcf7-text wpcf7-validates-as-required\" aria-required=\"true\" aria-invalid=\"false\" value=\"\" type=\"text\" name=\"your-name\" \/><\/span> <\/label>\n<\/p>\n<p><label> Adres e-mail<br \/>\n<span class=\"wpcf7-form-control-wrap\" data-name=\"your-email\"><input size=\"40\" maxlength=\"400\" class=\"wpcf7-form-control wpcf7-email wpcf7-validates-as-required wpcf7-text wpcf7-validates-as-email\" aria-required=\"true\" aria-invalid=\"false\" value=\"\" type=\"email\" name=\"your-email\" \/><\/span> <\/label>\n<\/p>\n<p><label> Temat<br \/>\n<span class=\"wpcf7-form-control-wrap\" data-name=\"your-subject\"><input size=\"40\" maxlength=\"400\" class=\"wpcf7-form-control wpcf7-text wpcf7-validates-as-required\" aria-required=\"true\" aria-invalid=\"false\" value=\"\" type=\"text\" name=\"your-subject\" \/><\/span> <\/label>\n<\/p>\n<p><label> Twoja wiadomo\u015b\u0106<br \/>\n<span class=\"wpcf7-form-control-wrap\" data-name=\"your-message\"><textarea cols=\"40\" rows=\"10\" maxlength=\"2000\" class=\"wpcf7-form-control wpcf7-textarea\" aria-invalid=\"false\" name=\"your-message\"><\/textarea><\/span> <\/label>\n<\/p>\n<p><input class=\"wpcf7-form-control wpcf7-submit has-spinner\" type=\"submit\" value=\"WY\u015aLIJ\" \/>\n<\/p><p style=\"display: none !important;\" class=\"akismet-fields-container\" data-prefix=\"_wpcf7_ak_\"><label>&#916;<textarea name=\"_wpcf7_ak_hp_textarea\" cols=\"45\" rows=\"8\" maxlength=\"100\"><\/textarea><\/label><input type=\"hidden\" id=\"ak_js_1\" name=\"_wpcf7_ak_js\" value=\"127\"\/><script>document.getElementById( \"ak_js_1\" ).setAttribute( \"value\", ( new Date() ).getTime() );<\/script><\/p><div class=\"wpcf7-response-output\" aria-hidden=\"true\"><\/div>\n<\/form>\n<\/div>\n[vc_empty_space height=&#8221;40px&#8221;]\n\t\t<\/div> <!-- END .wpb_wrapper -->\n\t<\/div> <!-- END  wpb_column vc_column_container  wow animated fadeInUp -->\n\n\t<div class=\"vc_col-sm-3 vc_col-md-6 wpb_column vc_column_container  wow animated fadeInUp vc_custom_1536400560365\"  data-wow-delay=\"0ms\" data-wow-iteration=\"1\" >\n\t\t<div class=\"wpb_wrapper\">\n\t\t\t[vc_gmaps link=&#8221;#E-8_JTNDaWZyYW1lJTIwc3JjJTNEJTIyaHR0cHMlM0ElMkYlMkZ3d3cuZ29vZ2xlLmNvbSUyRm1hcHMlMkZlbWJlZCUzRnBiJTNEJTIxMW0xOCUyMTFtMTIlMjExbTMlMjExZDI1MDMuNTg3ODgxNDAwOTU4JTIxMmQyMy40NzI5MDMzMTU1MjY2NyUyMTNkNTEuMTM0NTA5MzQ1NzE5NyUyMTJtMyUyMTFmMCUyMTJmMCUyMTNmMCUyMTNtMiUyMTFpMTAyNCUyMTJpNzY4JTIxNGYxMy4xJTIxM20zJTIxMW0yJTIxMXMweDQ3MjM5YTRlMzFmYTk5YjklMjUzQTB4MWZmMWNhNDc4ZTAxMGFlMSUyMTJzUHJpbnQlMjUyMFJldm9sdXRpb24lMjE1ZTAlMjEzbTIlMjExc3BsJTIxMnNwbCUyMTR2MTY2NjIxMTMwNjAyMyUyMTVtMiUyMTFzcGwlMjEyc3BsJTIyJTIwd2lkdGglM0QlMjI2MDAlMjIlMjBoZWlnaHQlM0QlMjI0NTAlMjIlMjBzdHlsZSUzRCUyMmJvcmRlciUzQTAlM0IlMjIlMjBhbGxvd2Z1bGxzY3JlZW4lM0QlMjIlMjIlMjBsb2FkaW5nJTNEJTIybGF6eSUyMiUyMHJlZmVycmVycG9saWN5JTNEJTIybm8tcmVmZXJyZXItd2hlbi1kb3duZ3JhZGUlMjIlM0UlM0MlMkZpZnJhbWUlM0U=&#8221; size=&#8221;1100&#8243;]\n\t\t<\/div> <!-- END .wpb_wrapper -->\n\t<\/div> <!-- END  wpb_column vc_column_container  wow animated fadeInUp -->\n[\/vc_row]<\/p>\n","protected":false},"excerpt":{"rendered":"<p>[vc_row full_width=&#8221;stretch_row_content_no_spaces&#8221; m_bottom=&#8221;0&#8243; css=&#8221;.vc_custom_1634147506008{margin-top: -35px !important;}&#8221;][\/vc_row]<\/p>\n","protected":false},"author":1,"featured_media":0,"parent":0,"menu_order":0,"comment_status":"closed","ping_status":"closed","template":"","meta":{"footnotes":""},"class_list":["post-4165","page","type-page","status-publish","hentry"],"jetpack_sharing_enabled":true,"_links":{"self":[{"href":"https:\/\/printrevolution.pl\/index.php\/wp-json\/wp\/v2\/pages\/4165","targetHints":{"allow":["GET"]}}],"collection":[{"href":"https:\/\/printrevolution.pl\/index.php\/wp-json\/wp\/v2\/pages"}],"about":[{"href":"https:\/\/printrevolution.pl\/index.php\/wp-json\/wp\/v2\/types\/page"}],"author":[{"embeddable":true,"href":"https:\/\/printrevolution.pl\/index.php\/wp-json\/wp\/v2\/users\/1"}],"replies":[{"embeddable":true,"href":"https:\/\/printrevolution.pl\/index.php\/wp-json\/wp\/v2\/comments?post=4165"}],"version-history":[{"count":102,"href":"https:\/\/printrevolution.pl\/index.php\/wp-json\/wp\/v2\/pages\/4165\/revisions"}],"predecessor-version":[{"id":6389,"href":"https:\/\/printrevolution.pl\/index.php\/wp-json\/wp\/v2\/pages\/4165\/revisions\/6389"}],"wp:attachment":[{"href":"https:\/\/printrevolution.pl\/index.php\/wp-json\/wp\/v2\/media?parent=4165"}],"curies":[{"name":"wp","href":"https:\/\/api.w.org\/{rel}","templated":true}]}}